{"id":18764,"date":"2023-12-18T16:02:44","date_gmt":"2023-12-18T15:02:44","guid":{"rendered":"http:\/\/nophadrain.com\/product\/nd-gardliner-steellight-110v-rubni-profil\/"},"modified":"2025-02-07T08:53:52","modified_gmt":"2025-02-07T07:53:52","slug":"nd-gardliner-steellight-110v-rubni-profil","status":"publish","type":"product","link":"https:\/\/nophadrain.com\/hr\/product\/nd-gardliner-steellight-110v-rubni-profil\/","title":{"rendered":"ND GARDLINER SteelLight 110V Sustav Rubnih Profila"},"content":{"rendered":"","protected":false},"featured_media":18721,"parent":0,"template":"","product-categorie":[344,371],"class_list":["post-18764","product","type-product","status-publish","has-post-thumbnail","hentry","product-categorie-zeleni-krovovi","product-categorie-granicnici-rubni-profili"],"acf":[],"yoast_head":"<!-- This site is optimized with the Yoast SEO plugin v27.3 - https:\/\/yoast.com\/product\/yoast-seo-wordpress\/ -->\n<title>ND GARDLINER SteelLight 110V Sustav Rubnih Profila - Nophadrain<\/title>\n<meta name=\"description\" content=\"GARDLINER\u00ae SteelLight 110V je fleksibilan rubni profil od pocin\u010danog \u010delika visine 110 mm koji se koristi za razdvajanje zelenih povr\u0161ina od povr\u0161ina bez vegetacije ili poplo\u010danih povr\u0161ina.\" \/>\n<meta name=\"robots\" content=\"index, follow, max-snippet:-1, max-image-preview:large, max-video-preview:-1\" \/>\n<link rel=\"canonical\" href=\"https:\/\/nophadrain.com\/hr\/product\/nd-gardliner-steellight-110v-rubni-profil\/\" \/>\n<meta property=\"og:locale\" content=\"hr_HR\" \/>\n<meta property=\"og:type\" content=\"article\" \/>\n<meta property=\"og:title\" content=\"ND GARDLINER SteelLight 110V Sustav Rubnih Profila - Nophadrain\" \/>\n<meta property=\"og:description\" content=\"GARDLINER\u00ae SteelLight 110V je fleksibilan rubni profil od pocin\u010danog \u010delika visine 110 mm koji se koristi za razdvajanje zelenih povr\u0161ina od povr\u0161ina bez vegetacije ili poplo\u010danih povr\u0161ina.\" \/>\n<meta property=\"og:url\" content=\"https:\/\/nophadrain.com\/hr\/product\/nd-gardliner-steellight-110v-rubni-profil\/\" \/>\n<meta property=\"og:site_name\" content=\"Nophadrain\" \/>\n<meta property=\"article:modified_time\" content=\"2025-02-07T07:53:52+00:00\" \/>\n<meta property=\"og:image\" content=\"https:\/\/nophadrain.com\/wp-content\/uploads\/2023\/11\/ND-GARDLINER-StaalLight-110V-Kantopsluitingsprofiel.png\" \/>\n\t<meta property=\"og:image:width\" content=\"500\" \/>\n\t<meta property=\"og:image:height\" content=\"500\" \/>\n\t<meta property=\"og:image:type\" content=\"image\/png\" \/>\n<meta name=\"twitter:card\" content=\"summary_large_image\" \/>\n<script type=\"application\/ld+json\" class=\"yoast-schema-graph\">{\"@context\":\"https:\\\/\\\/schema.org\",\"@graph\":[{\"@type\":\"WebPage\",\"@id\":\"https:\\\/\\\/nophadrain.com\\\/hr\\\/product\\\/nd-gardliner-steellight-110v-rubni-profil\\\/\",\"url\":\"https:\\\/\\\/nophadrain.com\\\/hr\\\/product\\\/nd-gardliner-steellight-110v-rubni-profil\\\/\",\"name\":\"ND GARDLINER SteelLight 110V Sustav Rubnih Profila - Nophadrain\",\"isPartOf\":{\"@id\":\"https:\\\/\\\/nophadrain.com\\\/hr\\\/#website\"},\"primaryImageOfPage\":{\"@id\":\"https:\\\/\\\/nophadrain.com\\\/hr\\\/product\\\/nd-gardliner-steellight-110v-rubni-profil\\\/#primaryimage\"},\"image\":{\"@id\":\"https:\\\/\\\/nophadrain.com\\\/hr\\\/product\\\/nd-gardliner-steellight-110v-rubni-profil\\\/#primaryimage\"},\"thumbnailUrl\":\"https:\\\/\\\/nophadrain.com\\\/wp-content\\\/uploads\\\/2023\\\/11\\\/ND-GARDLINER-StaalLight-110V-Kantopsluitingsprofiel.png\",\"datePublished\":\"2023-12-18T15:02:44+00:00\",\"dateModified\":\"2025-02-07T07:53:52+00:00\",\"description\":\"GARDLINER\u00ae SteelLight 110V je fleksibilan rubni profil od pocin\u010danog \u010delika visine 110 mm koji se koristi za razdvajanje zelenih povr\u0161ina od povr\u0161ina bez vegetacije ili poplo\u010danih povr\u0161ina.\",\"breadcrumb\":{\"@id\":\"https:\\\/\\\/nophadrain.com\\\/hr\\\/product\\\/nd-gardliner-steellight-110v-rubni-profil\\\/#breadcrumb\"},\"inLanguage\":\"hr\",\"potentialAction\":[{\"@type\":\"ReadAction\",\"target\":[\"https:\\\/\\\/nophadrain.com\\\/hr\\\/product\\\/nd-gardliner-steellight-110v-rubni-profil\\\/\"]}]},{\"@type\":\"ImageObject\",\"inLanguage\":\"hr\",\"@id\":\"https:\\\/\\\/nophadrain.com\\\/hr\\\/product\\\/nd-gardliner-steellight-110v-rubni-profil\\\/#primaryimage\",\"url\":\"https:\\\/\\\/nophadrain.com\\\/wp-content\\\/uploads\\\/2023\\\/11\\\/ND-GARDLINER-StaalLight-110V-Kantopsluitingsprofiel.png\",\"contentUrl\":\"https:\\\/\\\/nophadrain.com\\\/wp-content\\\/uploads\\\/2023\\\/11\\\/ND-GARDLINER-StaalLight-110V-Kantopsluitingsprofiel.png\",\"width\":500,\"height\":500,\"caption\":\"ND GL StaalLight 110V Kantopsluitingssysteem\"},{\"@type\":\"BreadcrumbList\",\"@id\":\"https:\\\/\\\/nophadrain.com\\\/hr\\\/product\\\/nd-gardliner-steellight-110v-rubni-profil\\\/#breadcrumb\",\"itemListElement\":[{\"@type\":\"ListItem\",\"position\":1,\"name\":\"Home\",\"item\":\"https:\\\/\\\/nophadrain.com\\\/hr\\\/\"},{\"@type\":\"ListItem\",\"position\":2,\"name\":\"Producten\",\"item\":\"https:\\\/\\\/nophadrain.com\\\/hr\\\/product\\\/\"},{\"@type\":\"ListItem\",\"position\":3,\"name\":\"ND GARDLINER SteelLight 110V Sustav Rubnih Profila\"}]},{\"@type\":\"WebSite\",\"@id\":\"https:\\\/\\\/nophadrain.com\\\/hr\\\/#website\",\"url\":\"https:\\\/\\\/nophadrain.com\\\/hr\\\/\",\"name\":\"Nophadrain\",\"description\":\"Testomgeving\",\"publisher\":{\"@id\":\"https:\\\/\\\/nophadrain.com\\\/hr\\\/#organization\"},\"potentialAction\":[{\"@type\":\"SearchAction\",\"target\":{\"@type\":\"EntryPoint\",\"urlTemplate\":\"https:\\\/\\\/nophadrain.com\\\/hr\\\/?s={search_term_string}\"},\"query-input\":{\"@type\":\"PropertyValueSpecification\",\"valueRequired\":true,\"valueName\":\"search_term_string\"}}],\"inLanguage\":\"hr\"},{\"@type\":\"Organization\",\"@id\":\"https:\\\/\\\/nophadrain.com\\\/hr\\\/#organization\",\"name\":\"Nophadrain\",\"url\":\"https:\\\/\\\/nophadrain.com\\\/hr\\\/\",\"logo\":{\"@type\":\"ImageObject\",\"inLanguage\":\"hr\",\"@id\":\"https:\\\/\\\/nophadrain.com\\\/hr\\\/#\\\/schema\\\/logo\\\/image\\\/\",\"url\":\"https:\\\/\\\/nophadrain.com\\\/wp-content\\\/uploads\\\/2023\\\/05\\\/Nophadrain_logo.svg\",\"contentUrl\":\"https:\\\/\\\/nophadrain.com\\\/wp-content\\\/uploads\\\/2023\\\/05\\\/Nophadrain_logo.svg\",\"width\":247,\"height\":40,\"caption\":\"Nophadrain\"},\"image\":{\"@id\":\"https:\\\/\\\/nophadrain.com\\\/hr\\\/#\\\/schema\\\/logo\\\/image\\\/\"}}]}<\/script>\n<!-- \/ Yoast SEO plugin. -->","yoast_head_json":{"title":"ND GARDLINER SteelLight 110V Sustav Rubnih Profila - Nophadrain","description":"GARDLINER\u00ae SteelLight 110V je fleksibilan rubni profil od pocin\u010danog \u010delika visine 110 mm koji se koristi za razdvajanje zelenih povr\u0161ina od povr\u0161ina bez vegetacije ili poplo\u010danih povr\u0161ina.","robots":{"index":"index","follow":"follow","max-snippet":"max-snippet:-1","max-image-preview":"max-image-preview:large","max-video-preview":"max-video-preview:-1"},"canonical":"https:\/\/nophadrain.com\/hr\/product\/nd-gardliner-steellight-110v-rubni-profil\/","og_locale":"hr_HR","og_type":"article","og_title":"ND GARDLINER SteelLight 110V Sustav Rubnih Profila - Nophadrain","og_description":"GARDLINER\u00ae SteelLight 110V je fleksibilan rubni profil od pocin\u010danog \u010delika visine 110 mm koji se koristi za razdvajanje zelenih povr\u0161ina od povr\u0161ina bez vegetacije ili poplo\u010danih povr\u0161ina.","og_url":"https:\/\/nophadrain.com\/hr\/product\/nd-gardliner-steellight-110v-rubni-profil\/","og_site_name":"Nophadrain","article_modified_time":"2025-02-07T07:53:52+00:00","og_image":[{"width":500,"height":500,"url":"https:\/\/nophadrain.com\/wp-content\/uploads\/2023\/11\/ND-GARDLINER-StaalLight-110V-Kantopsluitingsprofiel.png","type":"image\/png"}],"twitter_card":"summary_large_image","schema":{"@context":"https:\/\/schema.org","@graph":[{"@type":"WebPage","@id":"https:\/\/nophadrain.com\/hr\/product\/nd-gardliner-steellight-110v-rubni-profil\/","url":"https:\/\/nophadrain.com\/hr\/product\/nd-gardliner-steellight-110v-rubni-profil\/","name":"ND GARDLINER SteelLight 110V Sustav Rubnih Profila - Nophadrain","isPartOf":{"@id":"https:\/\/nophadrain.com\/hr\/#website"},"primaryImageOfPage":{"@id":"https:\/\/nophadrain.com\/hr\/product\/nd-gardliner-steellight-110v-rubni-profil\/#primaryimage"},"image":{"@id":"https:\/\/nophadrain.com\/hr\/product\/nd-gardliner-steellight-110v-rubni-profil\/#primaryimage"},"thumbnailUrl":"https:\/\/nophadrain.com\/wp-content\/uploads\/2023\/11\/ND-GARDLINER-StaalLight-110V-Kantopsluitingsprofiel.png","datePublished":"2023-12-18T15:02:44+00:00","dateModified":"2025-02-07T07:53:52+00:00","description":"GARDLINER\u00ae SteelLight 110V je fleksibilan rubni profil od pocin\u010danog \u010delika visine 110 mm koji se koristi za razdvajanje zelenih povr\u0161ina od povr\u0161ina bez vegetacije ili poplo\u010danih povr\u0161ina.","breadcrumb":{"@id":"https:\/\/nophadrain.com\/hr\/product\/nd-gardliner-steellight-110v-rubni-profil\/#breadcrumb"},"inLanguage":"hr","potentialAction":[{"@type":"ReadAction","target":["https:\/\/nophadrain.com\/hr\/product\/nd-gardliner-steellight-110v-rubni-profil\/"]}]},{"@type":"ImageObject","inLanguage":"hr","@id":"https:\/\/nophadrain.com\/hr\/product\/nd-gardliner-steellight-110v-rubni-profil\/#primaryimage","url":"https:\/\/nophadrain.com\/wp-content\/uploads\/2023\/11\/ND-GARDLINER-StaalLight-110V-Kantopsluitingsprofiel.png","contentUrl":"https:\/\/nophadrain.com\/wp-content\/uploads\/2023\/11\/ND-GARDLINER-StaalLight-110V-Kantopsluitingsprofiel.png","width":500,"height":500,"caption":"ND GL StaalLight 110V Kantopsluitingssysteem"},{"@type":"BreadcrumbList","@id":"https:\/\/nophadrain.com\/hr\/product\/nd-gardliner-steellight-110v-rubni-profil\/#breadcrumb","itemListElement":[{"@type":"ListItem","position":1,"name":"Home","item":"https:\/\/nophadrain.com\/hr\/"},{"@type":"ListItem","position":2,"name":"Producten","item":"https:\/\/nophadrain.com\/hr\/product\/"},{"@type":"ListItem","position":3,"name":"ND GARDLINER SteelLight 110V Sustav Rubnih Profila"}]},{"@type":"WebSite","@id":"https:\/\/nophadrain.com\/hr\/#website","url":"https:\/\/nophadrain.com\/hr\/","name":"Nophadrain","description":"Testomgeving","publisher":{"@id":"https:\/\/nophadrain.com\/hr\/#organization"},"potentialAction":[{"@type":"SearchAction","target":{"@type":"EntryPoint","urlTemplate":"https:\/\/nophadrain.com\/hr\/?s={search_term_string}"},"query-input":{"@type":"PropertyValueSpecification","valueRequired":true,"valueName":"search_term_string"}}],"inLanguage":"hr"},{"@type":"Organization","@id":"https:\/\/nophadrain.com\/hr\/#organization","name":"Nophadrain","url":"https:\/\/nophadrain.com\/hr\/","logo":{"@type":"ImageObject","inLanguage":"hr","@id":"https:\/\/nophadrain.com\/hr\/#\/schema\/logo\/image\/","url":"https:\/\/nophadrain.com\/wp-content\/uploads\/2023\/05\/Nophadrain_logo.svg","contentUrl":"https:\/\/nophadrain.com\/wp-content\/uploads\/2023\/05\/Nophadrain_logo.svg","width":247,"height":40,"caption":"Nophadrain"},"image":{"@id":"https:\/\/nophadrain.com\/hr\/#\/schema\/logo\/image\/"}}]}},"_links":{"self":[{"href":"https:\/\/nophadrain.com\/hr\/wp-json\/wp\/v2\/product\/18764","targetHints":{"allow":["GET"]}}],"collection":[{"href":"https:\/\/nophadrain.com\/hr\/wp-json\/wp\/v2\/product"}],"about":[{"href":"https:\/\/nophadrain.com\/hr\/wp-json\/wp\/v2\/types\/product"}],"wp:featuredmedia":[{"embeddable":true,"href":"https:\/\/nophadrain.com\/hr\/wp-json\/wp\/v2\/media\/18721"}],"wp:attachment":[{"href":"https:\/\/nophadrain.com\/hr\/wp-json\/wp\/v2\/media?parent=18764"}],"wp:term":[{"taxonomy":"product-categorie","embeddable":true,"href":"https:\/\/nophadrain.com\/hr\/wp-json\/wp\/v2\/product-categorie?post=18764"}],"curies":[{"name":"wp","href":"https:\/\/api.w.org\/{rel}","templated":true}]}}